{"id":7546,"date":"2025-04-27T16:49:30","date_gmt":"2025-04-27T15:49:30","guid":{"rendered":"https:\/\/brezzadisale.it\/?page_id=7546"},"modified":"2025-04-27T21:10:35","modified_gmt":"2025-04-27T20:10:35","slug":"le-guide-di-brezza-di-sale","status":"publish","type":"page","link":"https:\/\/brezzadisale.it\/fr\/les-guides-de-la-brise-de-sel\/","title":{"rendered":"Les guides de la brise sal\u00e9e"},"content":{"rendered":"<div data-elementor-type=\"wp-page\" data-elementor-id=\"7546\" class=\"elementor elementor-7546\" wpc-filter-elementor-widget=\"1\" data-elementor-post-type=\"page\">\n\t\t\t\t<div class=\"elementor-element elementor-element-1067727 e-flex e-con-boxed e-con e-parent\" data-id=\"1067727\" data-element_type=\"container\" data-e-type=\"container\">\n\t\t\t\t\t<div class=\"e-con-inner\">\n\t\t\t\t<div class=\"elementor-element elementor-element-dd21a10 elementor-widget elementor-widget-spacer\" data-id=\"dd21a10\" data-element_type=\"widget\" data-e-type=\"widget\" data-widget_type=\"spacer.default\">\n\t\t\t\t\t\t\t\t\t<div class=\"elementor-spacer\">\n\t\t\t<div class=\"elementor-spacer-inner\"><\/div>\n\t\t<\/div>\n\t\t\t\t\t\t<\/div>\n\t\t\t\t<div class=\"elementor-element elementor-element-472790f elementor-widget elementor-widget-heading\" data-id=\"472790f\" data-element_type=\"widget\" data-e-type=\"widget\" data-widget_type=\"heading.default\">\n\t\t\t\t\t\t\t<h2 class=\"elementor-heading-title elementor-size-default\">Les guides de <\/h2>\t\t\t\t<\/div>\n\t\t\t\t<div class=\"elementor-element elementor-element-6522bb7 elementor-widget elementor-widget-heading\" data-id=\"6522bb7\" data-element_type=\"widget\" data-e-type=\"widget\" data-widget_type=\"heading.default\">\n\t\t\t\t\t\t\t<h1 class=\"elementor-heading-title elementor-size-default\">Brezza di Sale<\/h1>\t\t\t\t<\/div>\n\t\t\t\t<div class=\"elementor-element elementor-element-7cc694d elementor-widget elementor-widget-spacer\" data-id=\"7cc694d\" data-element_type=\"widget\" data-e-type=\"widget\" data-widget_type=\"spacer.default\">\n\t\t\t\t\t\t\t\t\t<div class=\"elementor-spacer\">\n\t\t\t<div class=\"elementor-spacer-inner\"><\/div>\n\t\t<\/div>\n\t\t\t\t\t\t<\/div>\n\t\t\t\t<div class=\"elementor-element elementor-element-6f69a26 elementor-widget elementor-widget-text-editor\" data-id=\"6f69a26\" data-element_type=\"widget\" data-e-type=\"widget\" data-widget_type=\"text-editor.default\">\n\t\t\t\t\t\t\t\t\t\t\t<p>D\u00e9couvrir, explorer, vivre une Ligurie authentique et joyeuse<br \/>Brezza di Sale vous accompagne avec deux collections sp\u00e9ciales.<\/p>\t\t\t\t\t\t\t\t<\/div>\n\t\t\t\t<div class=\"elementor-element elementor-element-8418d0a elementor-widget elementor-widget-spacer\" data-id=\"8418d0a\" data-element_type=\"widget\" data-e-type=\"widget\" data-widget_type=\"spacer.default\">\n\t\t\t\t\t\t\t\t\t<div class=\"elementor-spacer\">\n\t\t\t<div class=\"elementor-spacer-inner\"><\/div>\n\t\t<\/div>\n\t\t\t\t\t\t<\/div>\n\t\t\t\t\t<\/div>\n\t\t\t\t<\/div>\n\t\t<div class=\"elementor-element elementor-element-e0e6794 e-flex e-con-boxed e-con e-parent\" data-id=\"e0e6794\" data-element_type=\"container\" data-e-type=\"container\">\n\t\t\t\t\t<div class=\"e-con-inner\">\n\t\t<div class=\"elementor-element elementor-element-b1fee43 e-con-full e-flex e-con e-child\" data-id=\"b1fee43\" data-element_type=\"container\" data-e-type=\"container\" data-settings=\"{&quot;background_background&quot;:&quot;classic&quot;}\">\n\t\t\t\t<div class=\"elementor-element elementor-element-ee8f9c6 elementor-widget elementor-widget-heading\" data-id=\"ee8f9c6\" data-element_type=\"widget\" data-e-type=\"widget\" data-widget_type=\"heading.default\">\n\t\t\t\t\t\t\t<h2 class=\"elementor-heading-title elementor-size-default\">Les guides authentiques<\/h2>\t\t\t\t<\/div>\n\t\t<div class=\"elementor-element elementor-element-b56b711 e-con-full e-flex e-con e-child\" data-id=\"b56b711\" data-element_type=\"container\" data-e-type=\"container\">\n\t\t\t\t<div class=\"elementor-element elementor-element-6174760 elementor-widget__width-initial elementor-widget elementor-widget-heading\" data-id=\"6174760\" data-element_type=\"widget\" data-e-type=\"widget\" data-widget_type=\"heading.default\">\n\t\t\t\t\t\t\t<h3 class=\"elementor-heading-title elementor-size-default\">Ils sont con\u00e7us pour vous accompagner, ils sont \u00e0 taille unique, ils suivent la saison et pourquoi pas aussi l'humeur du lecteur.<\/h3>\t\t\t\t<\/div>\n\t\t\t\t<\/div>\n\t\t\t\t<div class=\"elementor-element elementor-element-f4e304a elementor-widget elementor-widget-image\" data-id=\"f4e304a\" data-element_type=\"widget\" data-e-type=\"widget\" data-widget_type=\"image.default\">\n\t\t\t\t\t\t\t\t\t\t\t\t\t\t\t\t\t<img fetchpriority=\"high\" decoding=\"async\" width=\"1920\" height=\"1078\" src=\"https:\/\/brezzadisale.it\/wp-content\/uploads\/2025\/04\/IMMAGINE-GUIDE-AUTENTICHE-CON-LOGO-2.png\" class=\"attachment-2048x2048 size-2048x2048 wp-image-7548\" alt=\"MMAGINE GUIDES AUTHENTIQUES AVEC LOGO 2\" srcset=\"https:\/\/brezzadisale.it\/wp-content\/uploads\/2025\/04\/IMMAGINE-GUIDE-AUTENTICHE-CON-LOGO-2.png 1920w, https:\/\/brezzadisale.it\/wp-content\/uploads\/2025\/04\/IMMAGINE-GUIDE-AUTENTICHE-CON-LOGO-2-300x168.png 300w, https:\/\/brezzadisale.it\/wp-content\/uploads\/2025\/04\/IMMAGINE-GUIDE-AUTENTICHE-CON-LOGO-2-1024x575.png 1024w, https:\/\/brezzadisale.it\/wp-content\/uploads\/2025\/04\/IMMAGINE-GUIDE-AUTENTICHE-CON-LOGO-2-768x431.png 768w, https:\/\/brezzadisale.it\/wp-content\/uploads\/2025\/04\/IMMAGINE-GUIDE-AUTENTICHE-CON-LOGO-2-1536x862.png 1536w, https:\/\/brezzadisale.it\/wp-content\/uploads\/2025\/04\/IMMAGINE-GUIDE-AUTENTICHE-CON-LOGO-2-18x10.png 18w\" sizes=\"(max-width: 1920px) 100vw, 1920px\" \/>\t\t\t\t\t\t\t\t\t\t\t\t\t\t\t<\/div>\n\t\t\t\t<div class=\"elementor-element elementor-element-a1017fb elementor-widget elementor-widget-text-editor\" data-id=\"a1017fb\" data-element_type=\"widget\" data-e-type=\"widget\" data-widget_type=\"text-editor.default\">\n\t\t\t\t\t\t\t\t\t\t\t<p><strong data-start=\"511\" data-end=\"552\">Les guides authentiques <\/strong>sont n\u00e9s d'une autre fa\u00e7on de voyager : ils ne suivent pas d'itin\u00e9raires rigides, mais s'adaptent au temps, \u00e0 la saison et \u00e0 votre humeur. Des inspirations libres, taill\u00e9es sur mesure pour d\u00e9couvrir le territoire de mani\u00e8re authentique.<\/p>\t\t\t\t\t\t\t\t<\/div>\n\t\t\t\t<div class=\"elementor-element elementor-element-e34ad2d elementor-align-center elementor-widget elementor-widget-button\" data-id=\"e34ad2d\" data-element_type=\"widget\" data-e-type=\"widget\" data-widget_type=\"button.default\">\n\t\t\t\t\t\t\t\t\t\t\t\t<a class=\"elementor-button elementor-button-link elementor-size-sm\" href=\"https:\/\/brezzadisale.it\/fr\/guides-authentiques\/\">\n\t\t\t\t\t\t<span class=\"elementor-button-content-wrapper\">\n\t\t\t\t\t\t<span class=\"elementor-button-icon\">\n\t\t\t\t<svg aria-hidden=\"true\" class=\"e-font-icon-svg e-fas-map-signs\" viewbox=\"0 0 512 512\" xmlns=\"http:\/\/www.w3.org\/2000\/svg\"><path d=\"M507.31 84.69L464 41.37c-6-6-14.14-9.37-22.63-9.37H288V16c0-8.84-7.16-16-16-16h-32c-8.84 0-16 7.16-16 16v16H56c-13.25 0-24 10.75-24 24v80c0 13.25 10.75 24 24 24h385.37c8.49 0 16.62-3.37 22.63-9.37l43.31-43.31c6.25-6.26 6.25-16.38 0-22.63zM224 496c0 8.84 7.16 16 16 16h32c8.84 0 16-7.16 16-16V384h-64v112zm232-272H288v-32h-64v32H70.63c-8.49 0-16.62 3.37-22.63 9.37L4.69 276.69c-6.25 6.25-6.25 16.38 0 22.63L48 342.63c6 6 14.14 9.37 22.63 9.37H456c13.25 0 24-10.75 24-24v-80c0-13.25-10.75-24-24-24z\"><\/path><\/svg>\t\t\t<\/span>\n\t\t\t\t\t\t\t\t\t<span class=\"elementor-button-text\">D\u00e9couvrez les GUIDES AUTHENTIQUES<\/span>\n\t\t\t\t\t<\/span>\n\t\t\t\t\t<\/a>\n\t\t\t\t\t\t\t\t<\/div>\n\t\t\t\t<\/div>\n\t\t<div class=\"elementor-element elementor-element-9d0a7d9 e-con-full e-flex e-con e-child\" data-id=\"9d0a7d9\" data-element_type=\"container\" data-e-type=\"container\">\n\t\t\t\t<div class=\"elementor-element elementor-element-12ee3c3 elementor-widget elementor-widget-heading\" data-id=\"12ee3c3\" data-element_type=\"widget\" data-e-type=\"widget\" data-widget_type=\"heading.default\">\n\t\t\t\t\t\t\t<h2 class=\"elementor-heading-title elementor-size-default\">Les joyeux guides<\/h2>\t\t\t\t<\/div>\n\t\t<div class=\"elementor-element elementor-element-45879e4 e-con-full e-flex e-con e-child\" data-id=\"45879e4\" data-element_type=\"container\" data-e-type=\"container\">\n\t\t\t\t<div class=\"elementor-element elementor-element-7871f2e elementor-widget__width-initial elementor-widget elementor-widget-heading\" data-id=\"7871f2e\" data-element_type=\"widget\" data-e-type=\"widget\" data-widget_type=\"heading.default\">\n\t\t\t\t\t\t\t<h3 class=\"elementor-heading-title elementor-size-default\">Con\u00e7us pour les jeunes explorateurs, ils proposent des histoires, des jeux et des itin\u00e9raires pour les jeunes voyageurs aventureux.<\/h3>\t\t\t\t<\/div>\n\t\t\t\t<\/div>\n\t\t\t\t<div class=\"elementor-element elementor-element-7947ab8 elementor-widget elementor-widget-image\" data-id=\"7947ab8\" data-element_type=\"widget\" data-e-type=\"widget\" data-widget_type=\"image.default\">\n\t\t\t\t\t\t\t\t\t\t\t\t\t\t\t\t\t<img decoding=\"async\" width=\"1495\" height=\"919\" src=\"https:\/\/brezzadisale.it\/wp-content\/uploads\/2025\/04\/immagine-gude-allegre-con-logo-3.jpg\" class=\"attachment-2048x2048 size-2048x2048 wp-image-7550\" alt=\"\" srcset=\"https:\/\/brezzadisale.it\/wp-content\/uploads\/2025\/04\/immagine-gude-allegre-con-logo-3.jpg 1495w, https:\/\/brezzadisale.it\/wp-content\/uploads\/2025\/04\/immagine-gude-allegre-con-logo-3-300x184.jpg 300w, https:\/\/brezzadisale.it\/wp-content\/uploads\/2025\/04\/immagine-gude-allegre-con-logo-3-1024x629.jpg 1024w, https:\/\/brezzadisale.it\/wp-content\/uploads\/2025\/04\/immagine-gude-allegre-con-logo-3-768x472.jpg 768w, https:\/\/brezzadisale.it\/wp-content\/uploads\/2025\/04\/immagine-gude-allegre-con-logo-3-18x12.jpg 18w\" sizes=\"(max-width: 1495px) 100vw, 1495px\" \/>\t\t\t\t\t\t\t\t\t\t\t\t\t\t\t<\/div>\n\t\t\t\t<div class=\"elementor-element elementor-element-cee3618 elementor-widget elementor-widget-text-editor\" data-id=\"cee3618\" data-element_type=\"widget\" data-e-type=\"widget\" data-widget_type=\"text-editor.default\">\n\t\t\t\t\t\t\t\t\t\t\t<p><strong data-start=\"308\" data-end=\"346\">Les joyeux guides de <\/strong>sont destin\u00e9s aux petits qui aiment voyager avec le sourire. Ce sont des histoires, des jeux et des petits itin\u00e9raires pour accompagner les jeunes explorateurs dans des aventures inoubliables et pour les aider \u00e0 trouver des solutions \u00e0 leurs probl\u00e8mes.<span style=\"font-size: 1rem; font-style: inherit; font-weight: inherit;\">e transformer chaque jour en un moment de d\u00e9couverte et d'\u00e9merveillement.<\/span><span style=\"font-style: inherit; font-weight: inherit;\">.<\/span><\/p>\t\t\t\t\t\t\t\t<\/div>\n\t\t\t\t<div class=\"elementor-element elementor-element-795bd32 elementor-align-center elementor-widget elementor-widget-button\" data-id=\"795bd32\" data-element_type=\"widget\" data-e-type=\"widget\" data-widget_type=\"button.default\">\n\t\t\t\t\t\t\t\t\t\t\t\t<a class=\"elementor-button elementor-button-link elementor-size-sm\" href=\"https:\/\/brezzadisale.it\/fr\/des-guides-joyeux\/\">\n\t\t\t\t\t\t<span class=\"elementor-button-content-wrapper\">\n\t\t\t\t\t\t<span class=\"elementor-button-icon\">\n\t\t\t\t<svg aria-hidden=\"true\" class=\"e-font-icon-svg e-far-paper-plane\" viewbox=\"0 0 512 512\" xmlns=\"http:\/\/www.w3.org\/2000\/svg\"><path d=\"M440 6.5L24 246.4c-34.4 19.9-31.1 70.8 5.7 85.9L144 379.6V464c0 46.4 59.2 65.5 86.6 28.6l43.8-59.1 111.9 46.2c5.9 2.4 12.1 3.6 18.3 3.6 8.2 0 16.3-2.1 23.6-6.2 12.8-7.2 21.6-20 23.9-34.5l59.4-387.2c6.1-40.1-36.9-68.8-71.5-48.9zM192 464v-64.6l36.6 15.1L192 464zm212.6-28.7l-153.8-63.5L391 169.5c10.7-15.5-9.5-33.5-23.7-21.2L155.8 332.6 48 288 464 48l-59.4 387.3z\"><\/path><\/svg>\t\t\t<\/span>\n\t\t\t\t\t\t\t\t\t<span class=\"elementor-button-text\">D\u00e9couvrir ALLEGRE GUIDES<\/span>\n\t\t\t\t\t<\/span>\n\t\t\t\t\t<\/a>\n\t\t\t\t\t\t\t\t<\/div>\n\t\t\t\t<\/div>\n\t\t\t\t\t<\/div>\n\t\t\t\t<\/div>\n\t\t<div class=\"elementor-element elementor-element-9361459 e-con-full e-flex e-con e-parent\" data-id=\"9361459\" data-element_type=\"container\" data-e-type=\"container\">\n\t\t<div class=\"elementor-element elementor-element-1f273be e-con-full e-flex e-con e-child\" data-id=\"1f273be\" data-element_type=\"container\" data-e-type=\"container\">\n\t\t\t\t<div class=\"elementor-element elementor-element-8f5ffaf elementor-widget elementor-widget-spacer\" data-id=\"8f5ffaf\" data-element_type=\"widget\" data-e-type=\"widget\" data-widget_type=\"spacer.default\">\n\t\t\t\t\t\t\t\t\t<div class=\"elementor-spacer\">\n\t\t\t<div class=\"elementor-spacer-inner\"><\/div>\n\t\t<\/div>\n\t\t\t\t\t\t<\/div>\n\t\t\t\t<div class=\"elementor-element elementor-element-0b1a588 elementor-widget-divider--view-line_icon elementor-widget-divider--separator-type-pattern elementor-widget-divider--no-spacing elementor-view-default elementor-widget-divider--element-align-center elementor-widget elementor-widget-divider\" data-id=\"0b1a588\" data-element_type=\"widget\" data-e-type=\"widget\" data-widget_type=\"divider.default\">\n\t\t\t\t\t\t\t\t\t<div class=\"elementor-divider\" style=\"--divider-pattern-url: url(&quot;data:image\/svg+xml,%3Csvg xmlns=&#039;http:\/\/www.w3.org\/2000\/svg&#039; preserveAspectRatio=&#039;xMidYMid meet&#039; overflow=&#039;visible&#039; height=&#039;100%&#039; viewBox=&#039;0 0 120 26&#039; fill=&#039;black&#039; stroke=&#039;none&#039;%3E%3Cpolygon points=&#039;0,14.4 0,21 11.5,12.4 21.3,20 30.4,11.1 40.3,20 51,12.4 60.6,20 69.6,11.1 79.3,20 90.1,12.4 99.6,20 109.7,11.1 120,21 120,14.4 109.7,5 99.6,13 90.1,5 79.3,14.5 71,5.7 60.6,12.4 51,5 40.3,14.5 31.1,5 21.3,13 11.5,5 \t&#039;\/%3E%3C\/svg%3E&quot;);\">\n\t\t\t<span class=\"elementor-divider-separator\">\n\t\t\t\t\t\t\t<div class=\"elementor-icon elementor-divider__element\">\n\t\t\t\t\t<svg aria-hidden=\"true\" class=\"e-font-icon-svg e-fab-spotify\" viewbox=\"0 0 496 512\" xmlns=\"http:\/\/www.w3.org\/2000\/svg\"><path d=\"M248 8C111.1 8 0 119.1 0 256s111.1 248 248 248 248-111.1 248-248S384.9 8 248 8zm100.7 364.9c-4.2 0-6.8-1.3-10.7-3.6-62.4-37.6-135-39.2-206.7-24.5-3.9 1-9 2.6-11.9 2.6-9.7 0-15.8-7.7-15.8-15.8 0-10.3 6.1-15.2 13.6-16.8 81.9-18.1 165.6-16.5 237 26.2 6.1 3.9 9.7 7.4 9.7 16.5s-7.1 15.4-15.2 15.4zm26.9-65.6c-5.2 0-8.7-2.3-12.3-4.2-62.5-37-155.7-51.9-238.6-29.4-4.8 1.3-7.4 2.6-11.9 2.6-10.7 0-19.4-8.7-19.4-19.4s5.2-17.8 15.5-20.7c27.8-7.8 56.2-13.6 97.8-13.6 64.9 0 127.6 16.1 177 45.5 8.1 4.8 11.3 11 11.3 19.7-.1 10.8-8.5 19.5-19.4 19.5zm31-76.2c-5.2 0-8.4-1.3-12.9-3.9-71.2-42.5-198.5-52.7-280.9-29.7-3.6 1-8.1 2.6-12.9 2.6-13.2 0-23.3-10.3-23.3-23.6 0-13.6 8.4-21.3 17.4-23.9 35.2-10.3 74.6-15.2 117.5-15.2 73 0 149.5 15.2 205.4 47.8 7.8 4.5 12.9 10.7 12.9 22.6 0 13.6-11 23.3-23.2 23.3z\"><\/path><\/svg><\/div>\n\t\t\t\t\t\t<\/span>\n\t\t<\/div>\n\t\t\t\t\t\t<\/div>\n\t\t\t\t<\/div>\n\t\t\t\t<\/div>\n\t\t<div class=\"elementor-element elementor-element-f19afea e-flex e-con-boxed e-con e-parent\" data-id=\"f19afea\" data-element_type=\"container\" data-e-type=\"container\">\n\t\t\t\t\t<div class=\"e-con-inner\">\n\t\t<div class=\"elementor-element elementor-element-31a1639 e-con-full e-flex e-con e-child\" data-id=\"31a1639\" data-element_type=\"container\" data-e-type=\"container\">\n\t\t\t\t<div class=\"elementor-element elementor-element-d85e979 elementor-widget__width-initial elementor-invisible elementor-widget elementor-widget-heading\" data-id=\"d85e979\" data-element_type=\"widget\" data-e-type=\"widget\" data-settings=\"{&quot;_animation&quot;:&quot;shake&quot;}\" data-widget_type=\"heading.default\">\n\t\t\t\t\t\t\t<h2 class=\"elementor-heading-title elementor-size-default\">Suivez \u00e9galement le podcast<\/h2>\t\t\t\t<\/div>\n\t\t\t\t<\/div>\n\t\t<div class=\"elementor-element elementor-element-37edd3d e-con-full e-flex e-con e-child\" data-id=\"37edd3d\" data-element_type=\"container\" data-e-type=\"container\" data-settings=\"{&quot;background_background&quot;:&quot;classic&quot;}\">\n\t\t<div class=\"elementor-element elementor-element-14f5848 e-con-full e-flex e-con e-child\" data-id=\"14f5848\" data-element_type=\"container\" data-e-type=\"container\">\n\t\t<div class=\"elementor-element elementor-element-0d9587d e-con-full e-flex e-con e-child\" data-id=\"0d9587d\" data-element_type=\"container\" data-e-type=\"container\">\n\t\t\t\t<div class=\"elementor-element elementor-element-f5c50ae elementor-widget__width-initial elementor-widget elementor-widget-html\" data-id=\"f5c50ae\" data-element_type=\"widget\" data-e-type=\"widget\" data-widget_type=\"html.default\">\n\t\t\t\t\t\t\t<div style=\"background-color:#f2f8f7; border: 2px solid #3b6d68; border-radius: 16px; padding: 16px; width: 100%; box-shadow: 0 1px 8px rgba(0,0,0,0.08);\">\r\n  <h4 style=\"font-family: Georgia, serif; color: #3b6d68; margin-bottom: 10px; font-size: 18px; text-align: center;\">\r\n  Via Julia Augusta\r\n<\/h4>\r\n  <iframe style=\"border-radius:12px\" \r\n    src=\"https:\/\/open.spotify.com\/embed\/episode\/7DZpEpnvwwaaFMQEdmZw5B?utm_source=generator\" \r\n    width=\"100%\" \r\n    height=\"152\" \r\n    frameborder=\"0\" \r\n    allowfullscreen=\"\" \r\n    allow=\"autoplay; clipboard-write; encrypted-media; fullscreen; picture-in-picture\" \r\n    loading=\"lazy\">\r\n<\/iframe>\t\t\t\t<\/div>\n\t\t\t\t<\/div>\n\t\t<div class=\"elementor-element elementor-element-b7550c1 e-con-full e-flex e-con e-child\" data-id=\"b7550c1\" data-element_type=\"container\" data-e-type=\"container\">\n\t\t\t\t<div class=\"elementor-element elementor-element-4c53003 elementor-widget__width-initial elementor-widget elementor-widget-html\" data-id=\"4c53003\" data-element_type=\"widget\" data-e-type=\"widget\" data-widget_type=\"html.default\">\n\t\t\t\t\t\t\t<div style=\"background-color:#f2f8f7; border: 2px solid #3b6d68; border-radius: 16px; padding: 16px; width: 100%; box-shadow: 0 1px 8px rgba(0,0,0,0.08);\">\r\n  <h4 style=\"font-family: Georgia, serif; color: #3b6d68; margin-bottom: 10px; font-size: 18px; text-align: center;\">\r\n  Observation de c\u00e9tac\u00e9s\r\n<\/h4>\r\n<iframe style=\"border-radius:12px\" \r\n    src=\"https:\/\/open.spotify.com\/embed\/episode\/2YOOneCixHK0WOkEkkGRbi?utm_source=generator\" \r\n    width=\"100%\" \r\n    height=\"152\" \r\n    frameborder=\"0\" \r\n    allowfullscreen=\"\" \r\n    allow=\"autoplay; clipboard-write; encrypted-media; fullscreen; picture-in-picture\" \r\n    loading=\"lazy\">\r\n<\/iframe>\r\n\t\t\t\t<\/div>\n\t\t\t\t<\/div>\n\t\t\t\t<\/div>\n\t\t\t\t<\/div>\n\t\t\t\t\t<\/div>\n\t\t\t\t<\/div>\n\t\t<div class=\"elementor-element elementor-element-fb89e3a e-flex e-con-boxed e-con e-parent\" data-id=\"fb89e3a\" data-element_type=\"container\" data-e-type=\"container\">\n\t\t\t\t\t<div class=\"e-con-inner\">\n\t\t\t\t<div class=\"elementor-element elementor-element-35fa53b elementor-align-center elementor-widget-tablet__width-inherit elementor-widget__width-inherit elementor-widget elementor-widget-button\" data-id=\"35fa53b\" data-element_type=\"widget\" data-e-type=\"widget\" data-widget_type=\"button.default\">\n\t\t\t\t\t\t\t\t\t\t\t\t<a class=\"elementor-button elementor-button-link elementor-size-sm\" href=\"https:\/\/open.spotify.com\/show\/61pRV9EvZ2A8FwiQt15RZX\" target=\"_blank\">\n\t\t\t\t\t\t<span class=\"elementor-button-content-wrapper\">\n\t\t\t\t\t\t<span class=\"elementor-button-icon\">\n\t\t\t\t<i aria-hidden=\"true\" class=\"icon icon-spotify-1\"><\/i>\t\t\t<\/span>\n\t\t\t\t\t\t\t\t\t<span class=\"elementor-button-text\">Voir tous les \u00e9pisodes<\/span>\n\t\t\t\t\t<\/span>\n\t\t\t\t\t<\/a>\n\t\t\t\t\t\t\t\t<\/div>\n\t\t\t\t<div class=\"elementor-element elementor-element-5c58341 elementor-widget elementor-widget-spacer\" data-id=\"5c58341\" data-element_type=\"widget\" data-e-type=\"widget\" data-widget_type=\"spacer.default\">\n\t\t\t\t\t\t\t\t\t<div class=\"elementor-spacer\">\n\t\t\t<div class=\"elementor-spacer-inner\"><\/div>\n\t\t<\/div>\n\t\t\t\t\t\t<\/div>\n\t\t\t\t\t<\/div>\n\t\t\t\t<\/div>\n\t\t\t\t<\/div>","protected":false},"excerpt":{"rendered":"<p>Le guide di Brezza di Sale Scopri, esplora, vivi la Liguria autentica e allegraBrezza di Sale ti accompagna con due raccolte speciali. Le Guide Autentiche Sono pensate per accompagnarti, sono a misura unana, seguno la stagione e perch\u00e8 no anche l&#8217;umore di chi le legge. Le Guide Autentiche nascono da un modo diverso di viaggiare: [&hellip;]<\/p>\n","protected":false},"author":1,"featured_media":3004,"parent":0,"menu_order":0,"comment_status":"closed","ping_status":"closed","template":"","meta":{"_acf_changed":false,"_seopress_robots_primary_cat":"","_seopress_titles_title":"","_seopress_titles_desc":"","_seopress_robots_index":"","site-sidebar-layout":"no-sidebar","site-content-layout":"page-builder","ast-site-content-layout":"full-width-container","site-content-style":"default","site-sidebar-style":"default","ast-global-header-display":"","ast-banner-title-visibility":"","ast-main-header-display":"","ast-hfb-above-header-display":"","ast-hfb-below-header-display":"","ast-hfb-mobile-header-display":"","site-post-title":"disabled","ast-breadcrumbs-content":"","ast-featured-img":"disabled","footer-sml-layout":"","ast-disable-related-posts":"","theme-transparent-header-meta":"","adv-header-id-meta":"","stick-header-meta":"","header-above-stick-meta":"","header-main-stick-meta":"","header-below-stick-meta":"","astra-migrate-meta-layouts":"set","ast-page-background-enabled":"default","ast-page-background-meta":{"desktop":{"background-color":"var(--ast-global-color-4)","background-image":"","background-repeat":"repeat","background-position":"center center","background-size":"auto","background-attachment":"scroll","background-type":"","background-media":"","overlay-type":"","overlay-color":"","overlay-opacity":"","overlay-gradient":""},"tablet":{"background-color":"","background-image":"","background-repeat":"repeat","background-position":"center center","background-size":"auto","background-attachment":"scroll","background-type":"","background-media":"","overlay-type":"","overlay-color":"","overlay-opacity":"","overlay-gradient":""},"mobile":{"background-color":"","background-image":"","background-repeat":"repeat","background-position":"center center","background-size":"auto","background-attachment":"scroll","background-type":"","background-media":"","overlay-type":"","overlay-color":"","overlay-opacity":"","overlay-gradient":""}},"ast-content-background-meta":{"desktop":{"background-color":"var(--ast-global-color-5)","background-image":"","background-repeat":"repeat","background-position":"center center","background-size":"auto","background-attachment":"scroll","background-type":"","background-media":"","overlay-type":"","overlay-color":"","overlay-opacity":"","overlay-gradient":""},"tablet":{"background-color":"var(--ast-global-color-5)","background-image":"","background-repeat":"repeat","background-position":"center center","background-size":"auto","background-attachment":"scroll","background-type":"","background-media":"","overlay-type":"","overlay-color":"","overlay-opacity":"","overlay-gradient":""},"mobile":{"background-color":"var(--ast-global-color-5)","background-image":"","background-repeat":"repeat","background-position":"center center","background-size":"auto","background-attachment":"scroll","background-type":"","background-media":"","overlay-type":"","overlay-color":"","overlay-opacity":"","overlay-gradient":""}},"footnotes":""},"class_list":["post-7546","page","type-page","status-publish","has-post-thumbnail","hentry"],"acf":[],"_links":{"self":[{"href":"https:\/\/brezzadisale.it\/fr\/wp-json\/wp\/v2\/pages\/7546","targetHints":{"allow":["GET"]}}],"collection":[{"href":"https:\/\/brezzadisale.it\/fr\/wp-json\/wp\/v2\/pages"}],"about":[{"href":"https:\/\/brezzadisale.it\/fr\/wp-json\/wp\/v2\/types\/page"}],"author":[{"embeddable":true,"href":"https:\/\/brezzadisale.it\/fr\/wp-json\/wp\/v2\/users\/1"}],"replies":[{"embeddable":true,"href":"https:\/\/brezzadisale.it\/fr\/wp-json\/wp\/v2\/comments?post=7546"}],"version-history":[{"count":0,"href":"https:\/\/brezzadisale.it\/fr\/wp-json\/wp\/v2\/pages\/7546\/revisions"}],"wp:featuredmedia":[{"embeddable":true,"href":"https:\/\/brezzadisale.it\/fr\/wp-json\/wp\/v2\/media\/3004"}],"wp:attachment":[{"href":"https:\/\/brezzadisale.it\/fr\/wp-json\/wp\/v2\/media?parent=7546"}],"curies":[{"name":"wp","href":"https:\/\/api.w.org\/{rel}","templated":true}]}}