{"id":2374,"date":"2024-12-04T17:57:06","date_gmt":"2024-12-04T17:57:06","guid":{"rendered":"https:\/\/brezzadisale.it\/?page_id=2374"},"modified":"2025-02-24T21:33:19","modified_gmt":"2025-02-24T20:33:19","slug":"come-arrivare","status":"publish","type":"page","link":"https:\/\/brezzadisale.it\/fr\/comment-sy-rendre\/","title":{"rendered":"Comment s'y rendre"},"content":{"rendered":"<p><strong>Albenga, situ\u00e9e dans la province de Savone, est le c\u0153ur de la Riviera di Ponente, facilement accessible par divers moyens de transport :<\/strong><\/p>\n\n\n\n<p><strong>En voiture<\/strong><br>L'autoroute des Fleurs (A10) est l'itin\u00e9raire principal. Prendre la sortie <strong>Albenga<\/strong>qui vous emm\u00e8ne directement dans la ville, ce qui rend le voyage simple et direct.<br>Planifiez votre voyage avec <a href=\"https:\/\/www.viamichelin.it\/itinerari\" data-type=\"link\" data-id=\"https:\/\/www.viamichelin.it\/itinerari\">Michelin<\/a> , <a href=\"https:\/\/www.waze.com\/it\/live-map\/directions\/albenga-liguria-it?to=place.ChIJLSbyVs9e0hIRk1T7J4ctKFQ\">Waze<\/a> o <a href=\"https:\/\/www.google.com\/maps\/place\/Brezza+di+Sale+Appartamenti\/@44.0412331,8.2120799,112m\/data=!3m1!1e3!4m15!1m8!3m7!1s0x12d25ecf56f2262d:0x54282d8727fb5493!2s17031+Albenga+SV,+Italia!3b1!8m2!3d44.0490873!4d8.2152667!16zL20vMDZzdnBu!3m5!1s0x12d25f904fc02691:0xc71085f7e24ab36!8m2!3d44.041262!4d8.2123535!16s%2Fg%2F11wfhctcxr?entry=ttu&amp;g_ep=EgoyMDI0MTIwNC4wIKXMDSoASAFQAw%3D%3D\" data-type=\"link\" data-id=\"https:\/\/www.google.com\/maps\/place\/Brezza+di+Sale+Appartamenti\/@44.0412331,8.2120799,112m\/data=!3m1!1e3!4m15!1m8!3m7!1s0x12d25ecf56f2262d:0x54282d8727fb5493!2s17031+Albenga+SV,+Italia!3b1!8m2!3d44.0490873!4d8.2152667!16zL20vMDZzdnBu!3m5!1s0x12d25f904fc02691:0xc71085f7e24ab36!8m2!3d44.041262!4d8.2123535!16s%2Fg%2F11wfhctcxr?entry=ttu&amp;g_ep=EgoyMDI0MTIwNC4wIKXMDSoASAFQAw%3D%3D\">Google Maps<\/a><\/p>\n\n\n\n<p><strong>En train<\/strong><br>La <strong>station <\/strong>chemin de fer de <strong>Albenga <\/strong>est bien desservie, avec des arr\u00eats pour les trains r\u00e9gionaux et interurbains. Une fois arriv\u00e9, vous pouvez marcher jusqu'au centre, ou utiliser les services de bus locaux ou les taxis, disponibles \u00e0 la station de taxis situ\u00e9e juste devant la gare.<\/p>\n\n\n\n<p><strong>En bus<\/strong><br><strong>Albenga <\/strong>est \u00e9galement un arr\u00eat pour <strong>bus <\/strong>les itin\u00e9raires longue distance tels que ceux propos\u00e9s par <strong><a href=\"https:\/\/www.flixbus.it\/autobus\/albenga\" data-type=\"link\" data-id=\"https:\/\/www.flixbus.it\/autobus\/albenga\">FlixBus<\/a><\/strong>qui relie la ville \u00e0 d'autres destinations en Italie et en Europe. Les bus locaux facilitent les d\u00e9placements vers les localit\u00e9s voisines.<\/p>\n\n\n\n<p><strong>Par avion<\/strong><br><strong>A\u00e9roport de G\u00eanes Cristoforo Colombo<\/strong>Il est situ\u00e9 \u00e0 peu pr\u00e8s \u00e0 la m\u00eame distance de l'a\u00e9roport. <strong>82 km<\/strong> d'Albenga. De l\u00e0, il est possible de continuer en voiture de location, en taxi ou en train direct.<br><strong>A\u00e9roport de Nice C\u00f4te d'Azur<\/strong>: Situ\u00e9e \u00e0 propos de <strong>108 km<\/strong>Il offre des connexions internationales et des transports publics vers Albenga.<br><strong><a href=\"http:\/\/www.aeroportoalbenga.it\/\" data-type=\"link\" data-id=\"http:\/\/www.aeroportoalbenga.it\/\">A\u00e9roport \"Clemente Panero\" de Villanova d'Albenga<\/a><\/strong>A\u00e9roport d'Albenga : A 8 km d'Albenga, cet a\u00e9roport est r\u00e9serv\u00e9 aux vols priv\u00e9s.<\/p>\n\n\n\n<div class=\"wp-block-uagb-advanced-heading uagb-block-a09aa2aa\"><h2 class=\"uagb-heading-text\"><strong>Nous sommes ici<\/strong><\/h2><\/div>","protected":false},"excerpt":{"rendered":"<p>Albenga, situata in provincia di Savona, \u00e8 il cuore della Riviera di Ponente, facilmente raggiungibile con diversi mezzi di trasporto: In autoL&#8217;autostrada dei Fiori (A10) \u00e8 la via principale. Prendi l&#8217;uscita Albenga, che ti conduce direttamente in citt\u00e0, rendendo il viaggio semplice e diretto.Pianifica il tuo viaggio con Michelin , Waze o Google Maps In [&hellip;]<\/p>\n","protected":false},"author":1,"featured_media":0,"parent":0,"menu_order":0,"comment_status":"closed","ping_status":"closed","template":"","meta":{"_acf_changed":false,"_seopress_robots_primary_cat":"","_seopress_titles_title":"%%post_title%% %%sep%% %%sitetitle%% - Casa Vacanze Albenga","_seopress_titles_desc":"Come arrivare a Brezza di Sale, via Auto, Bus, Treno, Aereo.","_seopress_robots_index":"","site-sidebar-layout":"default","site-content-layout":"","ast-site-content-layout":"default","site-content-style":"default","site-sidebar-style":"default","ast-global-header-display":"","ast-banner-title-visibility":"","ast-main-header-display":"","ast-hfb-above-header-display":"","ast-hfb-below-header-display":"","ast-hfb-mobile-header-display":"","site-post-title":"","ast-breadcrumbs-content":"","ast-featured-img":"","footer-sml-layout":"","ast-disable-related-posts":"","theme-transparent-header-meta":"","adv-header-id-meta":"","stick-header-meta":"","header-above-stick-meta":"","header-main-stick-meta":"","header-below-stick-meta":"","astra-migrate-meta-layouts":"set","ast-page-background-enabled":"default","ast-page-background-meta":{"desktop":{"background-color":"var(--ast-global-color-4)","background-image":"","background-repeat":"repeat","background-position":"center center","background-size":"auto","background-attachment":"scroll","background-type":"","background-media":"","overlay-type":"","overlay-color":"","overlay-opacity":"","overlay-gradient":""},"tablet":{"background-color":"","background-image":"","background-repeat":"repeat","background-position":"center center","background-size":"auto","background-attachment":"scroll","background-type":"","background-media":"","overlay-type":"","overlay-color":"","overlay-opacity":"","overlay-gradient":""},"mobile":{"background-color":"","background-image":"","background-repeat":"repeat","background-position":"center center","background-size":"auto","background-attachment":"scroll","background-type":"","background-media":"","overlay-type":"","overlay-color":"","overlay-opacity":"","overlay-gradient":""}},"ast-content-background-meta":{"desktop":{"background-color":"var(--ast-global-color-5)","background-image":"","background-repeat":"repeat","background-position":"center center","background-size":"auto","background-attachment":"scroll","background-type":"","background-media":"","overlay-type":"","overlay-color":"","overlay-opacity":"","overlay-gradient":""},"tablet":{"background-color":"var(--ast-global-color-5)","background-image":"","background-repeat":"repeat","background-position":"center center","background-size":"auto","background-attachment":"scroll","background-type":"","background-media":"","overlay-type":"","overlay-color":"","overlay-opacity":"","overlay-gradient":""},"mobile":{"background-color":"var(--ast-global-color-5)","background-image":"","background-repeat":"repeat","background-position":"center center","background-size":"auto","background-attachment":"scroll","background-type":"","background-media":"","overlay-type":"","overlay-color":"","overlay-opacity":"","overlay-gradient":""}},"footnotes":""},"class_list":["post-2374","page","type-page","status-publish","hentry"],"acf":[],"_links":{"self":[{"href":"https:\/\/brezzadisale.it\/fr\/wp-json\/wp\/v2\/pages\/2374","targetHints":{"allow":["GET"]}}],"collection":[{"href":"https:\/\/brezzadisale.it\/fr\/wp-json\/wp\/v2\/pages"}],"about":[{"href":"https:\/\/brezzadisale.it\/fr\/wp-json\/wp\/v2\/types\/page"}],"author":[{"embeddable":true,"href":"https:\/\/brezzadisale.it\/fr\/wp-json\/wp\/v2\/users\/1"}],"replies":[{"embeddable":true,"href":"https:\/\/brezzadisale.it\/fr\/wp-json\/wp\/v2\/comments?post=2374"}],"version-history":[{"count":0,"href":"https:\/\/brezzadisale.it\/fr\/wp-json\/wp\/v2\/pages\/2374\/revisions"}],"wp:attachment":[{"href":"https:\/\/brezzadisale.it\/fr\/wp-json\/wp\/v2\/media?parent=2374"}],"curies":[{"name":"wp","href":"https:\/\/api.w.org\/{rel}","templated":true}]}}