{"id":2185,"date":"2024-12-03T09:47:30","date_gmt":"2024-12-03T09:47:30","guid":{"rendered":"https:\/\/brezzadisale.it\/?page_id=2185"},"modified":"2025-05-18T15:18:58","modified_gmt":"2025-05-18T14:18:58","slug":"mission-e-vision","status":"publish","type":"page","link":"https:\/\/brezzadisale.it\/fr\/mission-et-vision\/","title":{"rendered":"Mission et vision"},"content":{"rendered":"<div data-elementor-type=\"wp-page\" data-elementor-id=\"2185\" class=\"elementor elementor-2185\" wpc-filter-elementor-widget=\"1\" data-elementor-post-type=\"page\">\n\t\t\t\t<div class=\"elementor-element elementor-element-b68e8b2 e-flex e-con-boxed e-con e-parent\" data-id=\"b68e8b2\" data-element_type=\"container\" data-e-type=\"container\">\n\t\t\t\t\t<div class=\"e-con-inner\">\n\t\t\t\t<div class=\"elementor-element elementor-element-dd2b2c0 elementor-widget elementor-widget-heading\" data-id=\"dd2b2c0\" data-element_type=\"widget\" data-e-type=\"widget\" data-widget_type=\"heading.default\">\n\t\t\t\t\t\t\t<h2 class=\"elementor-heading-title elementor-size-default\">Mission et vision<\/h2>\t\t\t\t<\/div>\n\t\t\t\t<div class=\"elementor-element elementor-element-eb8b059 elementor-widget elementor-widget-spacer\" data-id=\"eb8b059\" data-element_type=\"widget\" data-e-type=\"widget\" data-widget_type=\"spacer.default\">\n\t\t\t\t\t\t\t\t\t<div class=\"elementor-spacer\">\n\t\t\t<div class=\"elementor-spacer-inner\"><\/div>\n\t\t<\/div>\n\t\t\t\t\t\t<\/div>\n\t\t\t\t\t<\/div>\n\t\t\t\t<\/div>\n\t\t<div class=\"elementor-element elementor-element-0263154 e-flex e-con-boxed e-con e-parent\" data-id=\"0263154\" data-element_type=\"container\" data-e-type=\"container\">\n\t\t\t\t\t<div class=\"e-con-inner\">\n\t\t<div class=\"elementor-element elementor-element-ba3040d e-con-full e-flex e-con e-child\" data-id=\"ba3040d\" data-element_type=\"container\" data-e-type=\"container\">\n\t\t\t\t<div class=\"elementor-element elementor-element-092d0cf elementor-widget elementor-widget-n-accordion\" data-id=\"092d0cf\" data-element_type=\"widget\" data-e-type=\"widget\" data-settings=\"{&quot;max_items_expended&quot;:&quot;multiple&quot;,&quot;default_state&quot;:&quot;expanded&quot;,&quot;n_accordion_animation_duration&quot;:{&quot;unit&quot;:&quot;ms&quot;,&quot;size&quot;:400,&quot;sizes&quot;:[]}}\" data-widget_type=\"nested-accordion.default\">\n\t\t\t\t\t\t\t\t\t<div class=\"e-n-accordion\" aria-label=\"Accord\u00e9on. Ouvrez les liens avec Enter ou Space, fermez-les avec Escape et naviguez avec les touches fl\u00e9ch\u00e9es.\">\n\t\t\t\t\t\t<details id=\"e-n-accordion-item-9620\" class=\"e-n-accordion-item\" open>\n\t\t\t\t<summary class=\"e-n-accordion-item-title\" data-accordion-index=\"1\" tabindex=\"0\" aria-expanded=\"true\" aria-controls=\"e-n-accordion-item-9620\" >\n\t\t\t\t\t<span class='e-n-accordion-item-title-header'><div class=\"e-n-accordion-item-title-text\"> La mission <\/div><\/span>\n\t\t\t\t\t\t\t<span class='e-n-accordion-item-title-icon'>\n\t\t\t<span class='e-opened' ><svg aria-hidden=\"true\" class=\"e-font-icon-svg e-fas-minus\" viewbox=\"0 0 448 512\" xmlns=\"http:\/\/www.w3.org\/2000\/svg\"><path d=\"M416 208H32c-17.67 0-32 14.33-32 32v32c0 17.67 14.33 32 32 32h384c17.67 0 32-14.33 32-32v-32c0-17.67-14.33-32-32-32z\"><\/path><\/svg><\/span>\n\t\t\t<span class='e-closed'><svg aria-hidden=\"true\" class=\"e-font-icon-svg e-fas-plus\" viewbox=\"0 0 448 512\" xmlns=\"http:\/\/www.w3.org\/2000\/svg\"><path d=\"M416 208H272V64c0-17.67-14.33-32-32-32h-32c-17.67 0-32 14.33-32 32v144H32c-17.67 0-32 14.33-32 32v32c0 17.67 14.33 32 32 32h144v144c0 17.67 14.33 32 32 32h32c17.67 0 32-14.33 32-32V304h144c17.67 0 32-14.33 32-32v-32c0-17.67-14.33-32-32-32z\"><\/path><\/svg><\/span>\n\t\t<\/span>\n\n\t\t\t\t\t\t<\/summary>\n\t\t\t\t<div role=\"region\" aria-labelledby=\"e-n-accordion-item-9620\" class=\"elementor-element elementor-element-10bdc2b e-con-full e-flex e-con e-child\" data-id=\"10bdc2b\" data-element_type=\"container\" data-e-type=\"container\">\n\t\t\t\t<div class=\"elementor-element elementor-element-b6bd856 elementor-widget elementor-widget-text-editor\" data-id=\"b6bd856\" data-element_type=\"widget\" data-e-type=\"widget\" data-widget_type=\"text-editor.default\">\n\t\t\t\t\t\t\t\t\t\t\t<p data-start=\"551\" data-end=\"779\"><strong data-start=\"551\" data-end=\"618\">Brezza di Sale s'engage \u00e0 offrir une hospitalit\u00e9 de qualit\u00e9.<\/strong>avec des appartements \u00e9l\u00e9gants et fonctionnels, parfaits pour ceux qui recherchent la d\u00e9tente, l'accessibilit\u00e9 et des services haut de gamme, dans un emplacement strat\u00e9gique entre la mer et le centre historique.<\/p>\n<p data-start=\"784\" data-end=\"971\"><strong data-start=\"784\" data-end=\"841\">Con\u00e7u pour accueillir les familles, les couples et les voyageurs<\/strong>Brezza di Sale promeut un environnement inclusif et accueillant o\u00f9 chacun peut se sentir libre, respect\u00e9 et \u00e0 l'aise.<\/p>\n<p data-start=\"976\" data-end=\"1194\">L'autonomie des h\u00f4tes est essentielle : gr\u00e2ce \u00e0 la <strong data-start=\"1024\" data-end=\"1062\">entr\u00e9es de code personnalis\u00e9es<\/strong>Nous offrons <strong data-start=\"1073\" data-end=\"1107\">un enregistrement souple et discret<\/strong>. Chaque appartement est \u00e9quip\u00e9 de <strong data-start=\"1142\" data-end=\"1163\">des instructions claires<\/strong>pour se sentir imm\u00e9diatement chez soi.<\/p>\n<p data-start=\"1199\" data-end=\"1347\">Nous nous occupons de chaque d\u00e9tail avec <strong data-start=\"1226\" data-end=\"1251\">entretien permanent<\/strong> et nous accueillons <strong data-start=\"1277\" data-end=\"1300\">id\u00e9es et suggestions<\/strong>parce que chaque exp\u00e9rience peut nous rendre meilleurs.<br \/><br \/><strong>Notre mission est de faire en sorte que, pour chaque voyageur s\u00e9journant \u00e0 Brezza di Sale, de simples vacances deviennent une exp\u00e9rience merveilleuse.<\/strong><\/p>\n<p><!-- \/wp:paragraph --><!-- wp:paragraph --><\/p>\n<p><!-- \/wp:paragraph --><\/p>\t\t\t\t\t\t\t\t<\/div>\n\t\t\t\t<\/div>\n\t\t\t\t\t<\/details>\n\t\t\t\t\t\t<details id=\"e-n-accordion-item-9621\" class=\"e-n-accordion-item\" >\n\t\t\t\t<summary class=\"e-n-accordion-item-title\" data-accordion-index=\"2\" tabindex=\"-1\" aria-expanded=\"false\" aria-controls=\"e-n-accordion-item-9621\" >\n\t\t\t\t\t<span class='e-n-accordion-item-title-header'><div class=\"e-n-accordion-item-title-text\"> Vision <\/div><\/span>\n\t\t\t\t\t\t\t<span class='e-n-accordion-item-title-icon'>\n\t\t\t<span class='e-opened' ><svg aria-hidden=\"true\" class=\"e-font-icon-svg e-fas-minus\" viewbox=\"0 0 448 512\" xmlns=\"http:\/\/www.w3.org\/2000\/svg\"><path d=\"M416 208H32c-17.67 0-32 14.33-32 32v32c0 17.67 14.33 32 32 32h384c17.67 0 32-14.33 32-32v-32c0-17.67-14.33-32-32-32z\"><\/path><\/svg><\/span>\n\t\t\t<span class='e-closed'><svg aria-hidden=\"true\" class=\"e-font-icon-svg e-fas-plus\" viewbox=\"0 0 448 512\" xmlns=\"http:\/\/www.w3.org\/2000\/svg\"><path d=\"M416 208H272V64c0-17.67-14.33-32-32-32h-32c-17.67 0-32 14.33-32 32v144H32c-17.67 0-32 14.33-32 32v32c0 17.67 14.33 32 32 32h144v144c0 17.67 14.33 32 32 32h32c17.67 0 32-14.33 32-32V304h144c17.67 0 32-14.33 32-32v-32c0-17.67-14.33-32-32-32z\"><\/path><\/svg><\/span>\n\t\t<\/span>\n\n\t\t\t\t\t\t<\/summary>\n\t\t\t\t<div role=\"region\" aria-labelledby=\"e-n-accordion-item-9621\" class=\"elementor-element elementor-element-502f249 e-con-full e-flex e-con e-child\" data-id=\"502f249\" data-element_type=\"container\" data-e-type=\"container\">\n\t\t\t\t<div class=\"elementor-element elementor-element-c56cb34 elementor-widget elementor-widget-text-editor\" data-id=\"c56cb34\" data-element_type=\"widget\" data-e-type=\"widget\" data-widget_type=\"text-editor.default\">\n\t\t\t\t\t\t\t\t\t\t\t<p class=\"\" data-start=\"888\" data-end=\"995\">Nous voulons \u00eatre un point de r\u00e9f\u00e9rence pour un tourisme accueillant, conscient et durable \u00e0 Albenga.<\/p>\n<p class=\"\" data-start=\"1000\" data-end=\"1189\">Nous croyons en une hospitalit\u00e9 qui va au-del\u00e0 d'un simple s\u00e9jour, capable de valoriser le territoire, de respecter son identit\u00e9 et de g\u00e9n\u00e9rer un bien-\u00eatre partag\u00e9, pour les voyageurs comme pour ceux qui y vivent.<\/p>\n<p class=\"\" data-start=\"1194\" data-end=\"1305\">Nous proposons des guides personnalis\u00e9s et des conseils authentiques pour aider chaque h\u00f4te \u00e0 d\u00e9couvrir la v\u00e9ritable \u00e2me du lieu.<\/p>\n<p class=\"\" data-start=\"1310\" data-end=\"1543\">Nous concevons de plus en plus d'espaces fonctionnels pour les personnes qui travaillent en d\u00e9placement : il existe d\u00e9j\u00e0 des espaces d\u00e9di\u00e9s dans les appartements, qui seront bient\u00f4t enrichis de postes de travail \u00e9tendus, de prises USB et de solutions intelligentes pour le travail \u00e0 distance.<\/p>\n<p class=\"\" data-start=\"1548\" data-end=\"1673\">Nous visons une plus grande durabilit\u00e9 environnementale, en int\u00e9grant des solutions vertes et en promouvant le respect des ressources communes.<\/p>\n<p class=\"\" data-start=\"1678\" data-end=\"1874\">En coop\u00e9ration avec les r\u00e9alit\u00e9s locales, nous voulons contribuer au red\u00e9veloppement du quartier, en cr\u00e9ant un quartier dynamique o\u00f9 la culture, le bien-\u00eatre et la qualit\u00e9 de vie s'entrem\u00ealent harmonieusement.<\/p>\t\t\t\t\t\t\t\t<\/div>\n\t\t\t\t<\/div>\n\t\t\t\t\t<\/details>\n\t\t\t\t\t<\/div>\n\t\t\t\t\t\t<\/div>\n\t\t\t\t<\/div>\n\t\t\t\t\t<\/div>\n\t\t\t\t<\/div>\n\t\t<div class=\"elementor-element elementor-element-a503d8b e-flex e-con-boxed e-con e-parent\" data-id=\"a503d8b\" data-element_type=\"container\" data-e-type=\"container\">\n\t\t\t\t\t<div class=\"e-con-inner\">\n\t\t\t\t<div class=\"elementor-element elementor-element-3033575 elementor-widget elementor-widget-image\" data-id=\"3033575\" data-element_type=\"widget\" data-e-type=\"widget\" data-widget_type=\"image.default\">\n\t\t\t\t\t\t\t\t\t\t\t\t\t\t<figure class=\"wp-caption\">\n\t\t\t\t\t\t\t\t\t\t<img fetchpriority=\"high\" decoding=\"async\" width=\"1024\" height=\"768\" src=\"https:\/\/brezzadisale.it\/wp-content\/uploads\/2024\/11\/Roberto-Ruaro-Isola-Scoglio-1024x768.jpg\" class=\"attachment-large size-large wp-image-2659\" alt=\"\" srcset=\"https:\/\/brezzadisale.it\/wp-content\/uploads\/2024\/11\/Roberto-Ruaro-Isola-Scoglio-1024x768.jpg 1024w, https:\/\/brezzadisale.it\/wp-content\/uploads\/2024\/11\/Roberto-Ruaro-Isola-Scoglio-300x225.jpg 300w, https:\/\/brezzadisale.it\/wp-content\/uploads\/2024\/11\/Roberto-Ruaro-Isola-Scoglio-768x576.jpg 768w, https:\/\/brezzadisale.it\/wp-content\/uploads\/2024\/11\/Roberto-Ruaro-Isola-Scoglio-1536x1152.jpg 1536w, https:\/\/brezzadisale.it\/wp-content\/uploads\/2024\/11\/Roberto-Ruaro-Isola-Scoglio-600x450.jpg 600w, https:\/\/brezzadisale.it\/wp-content\/uploads\/2024\/11\/Roberto-Ruaro-Isola-Scoglio.jpg 1440w\" sizes=\"(max-width: 1024px) 100vw, 1024px\" \/>\t\t\t\t\t\t\t\t\t\t\t<figcaption class=\"widget-image-caption wp-caption-text\">Photo Roberto Ruaro<\/figcaption>\n\t\t\t\t\t\t\t\t\t\t<\/figure>\n\t\t\t\t\t\t\t\t\t<\/div>\n\t\t\t\t\t<\/div>\n\t\t\t\t<\/div>\n\t\t\t\t<\/div>","protected":false},"excerpt":{"rendered":"<p>Mission e Vision Mission Brezza di Sale si impegna a garantire un\u2019accoglienza di qualit\u00e0, con appartamenti eleganti e funzionali, perfetti per chi cerca relax, accessibilit\u00e0 e servizi premium, in una posizione strategica tra mare e centro storico. Pensato per accogliere famiglie, coppie e viaggiatori, Brezza di Sale promuove un ambiente inclusivo e accogliente, in cui [&hellip;]<\/p>\n","protected":false},"author":1,"featured_media":2659,"parent":0,"menu_order":0,"comment_status":"closed","ping_status":"closed","template":"","meta":{"_acf_changed":false,"_seopress_robots_primary_cat":"","_seopress_titles_title":"%%post_title%% %%sep%% %%sitetitle%% Case Vacanza - Albenga SV","_seopress_titles_desc":"Mission e Vision di Brezza di Sale: check-in autonomo e accesso facile, con un impegno verso la sostenibilit\u00e0 futura.","_seopress_robots_index":"","site-sidebar-layout":"default","site-content-layout":"","ast-site-content-layout":"default","site-content-style":"default","site-sidebar-style":"default","ast-global-header-display":"","ast-banner-title-visibility":"","ast-main-header-display":"","ast-hfb-above-header-display":"","ast-hfb-below-header-display":"","ast-hfb-mobile-header-display":"","site-post-title":"disabled","ast-breadcrumbs-content":"","ast-featured-img":"","footer-sml-layout":"","ast-disable-related-posts":"","theme-transparent-header-meta":"","adv-header-id-meta":"","stick-header-meta":"","header-above-stick-meta":"","header-main-stick-meta":"","header-below-stick-meta":"","astra-migrate-meta-layouts":"set","ast-page-background-enabled":"default","ast-page-background-meta":{"desktop":{"background-color":"var(--ast-global-color-4)","background-image":"","background-repeat":"repeat","background-position":"center center","background-size":"auto","background-attachment":"scroll","background-type":"","background-media":"","overlay-type":"","overlay-color":"","overlay-opacity":"","overlay-gradient":""},"tablet":{"background-color":"","background-image":"","background-repeat":"repeat","background-position":"center center","background-size":"auto","background-attachment":"scroll","background-type":"","background-media":"","overlay-type":"","overlay-color":"","overlay-opacity":"","overlay-gradient":""},"mobile":{"background-color":"","background-image":"","background-repeat":"repeat","background-position":"center center","background-size":"auto","background-attachment":"scroll","background-type":"","background-media":"","overlay-type":"","overlay-color":"","overlay-opacity":"","overlay-gradient":""}},"ast-content-background-meta":{"desktop":{"background-color":"var(--ast-global-color-5)","background-image":"","background-repeat":"repeat","background-position":"center center","background-size":"auto","background-attachment":"scroll","background-type":"","background-media":"","overlay-type":"","overlay-color":"","overlay-opacity":"","overlay-gradient":""},"tablet":{"background-color":"var(--ast-global-color-5)","background-image":"","background-repeat":"repeat","background-position":"center center","background-size":"auto","background-attachment":"scroll","background-type":"","background-media":"","overlay-type":"","overlay-color":"","overlay-opacity":"","overlay-gradient":""},"mobile":{"background-color":"var(--ast-global-color-5)","background-image":"","background-repeat":"repeat","background-position":"center center","background-size":"auto","background-attachment":"scroll","background-type":"","background-media":"","overlay-type":"","overlay-color":"","overlay-opacity":"","overlay-gradient":""}},"footnotes":""},"class_list":["post-2185","page","type-page","status-publish","has-post-thumbnail","hentry"],"acf":[],"_links":{"self":[{"href":"https:\/\/brezzadisale.it\/fr\/wp-json\/wp\/v2\/pages\/2185","targetHints":{"allow":["GET"]}}],"collection":[{"href":"https:\/\/brezzadisale.it\/fr\/wp-json\/wp\/v2\/pages"}],"about":[{"href":"https:\/\/brezzadisale.it\/fr\/wp-json\/wp\/v2\/types\/page"}],"author":[{"embeddable":true,"href":"https:\/\/brezzadisale.it\/fr\/wp-json\/wp\/v2\/users\/1"}],"replies":[{"embeddable":true,"href":"https:\/\/brezzadisale.it\/fr\/wp-json\/wp\/v2\/comments?post=2185"}],"version-history":[{"count":5,"href":"https:\/\/brezzadisale.it\/fr\/wp-json\/wp\/v2\/pages\/2185\/revisions"}],"predecessor-version":[{"id":9193,"href":"https:\/\/brezzadisale.it\/fr\/wp-json\/wp\/v2\/pages\/2185\/revisions\/9193"}],"wp:featuredmedia":[{"embeddable":true,"href":"https:\/\/brezzadisale.it\/fr\/wp-json\/wp\/v2\/media\/2659"}],"wp:attachment":[{"href":"https:\/\/brezzadisale.it\/fr\/wp-json\/wp\/v2\/media?parent=2185"}],"curies":[{"name":"wp","href":"https:\/\/api.w.org\/{rel}","templated":true}]}}