{"id":2374,"date":"2024-12-04T17:57:06","date_gmt":"2024-12-04T17:57:06","guid":{"rendered":"https:\/\/brezzadisale.it\/?page_id=2374"},"modified":"2025-02-24T21:33:19","modified_gmt":"2025-02-24T20:33:19","slug":"come-arrivare","status":"publish","type":"page","link":"https:\/\/brezzadisale.it\/es\/como-llegar\/","title":{"rendered":"C\u00f3mo llegar"},"content":{"rendered":"<p><strong>Albenga, situada en la provincia de Savona, es el coraz\u00f3n de la Riviera di Ponente, f\u00e1cilmente accesible por diversos medios de transporte:<\/strong><\/p>\n\n\n\n<p><strong>En coche<\/strong><br>La autopista de las Flores (A10) es la ruta principal. Tome la salida <strong>Albenga<\/strong>que le lleva directamente a la ciudad, haciendo que el viaje sea sencillo y directo.<br>Planifique su viaje con <a href=\"https:\/\/www.viamichelin.it\/itinerari\" data-type=\"link\" data-id=\"https:\/\/www.viamichelin.it\/itinerari\">Michelin<\/a> , <a href=\"https:\/\/www.waze.com\/it\/live-map\/directions\/albenga-liguria-it?to=place.ChIJLSbyVs9e0hIRk1T7J4ctKFQ\">Waze<\/a> o <a href=\"https:\/\/www.google.com\/maps\/place\/Brezza+di+Sale+Appartamenti\/@44.0412331,8.2120799,112m\/data=!3m1!1e3!4m15!1m8!3m7!1s0x12d25ecf56f2262d:0x54282d8727fb5493!2s17031+Albenga+SV,+Italia!3b1!8m2!3d44.0490873!4d8.2152667!16zL20vMDZzdnBu!3m5!1s0x12d25f904fc02691:0xc71085f7e24ab36!8m2!3d44.041262!4d8.2123535!16s%2Fg%2F11wfhctcxr?entry=ttu&amp;g_ep=EgoyMDI0MTIwNC4wIKXMDSoASAFQAw%3D%3D\" data-type=\"link\" data-id=\"https:\/\/www.google.com\/maps\/place\/Brezza+di+Sale+Appartamenti\/@44.0412331,8.2120799,112m\/data=!3m1!1e3!4m15!1m8!3m7!1s0x12d25ecf56f2262d:0x54282d8727fb5493!2s17031+Albenga+SV,+Italia!3b1!8m2!3d44.0490873!4d8.2152667!16zL20vMDZzdnBu!3m5!1s0x12d25f904fc02691:0xc71085f7e24ab36!8m2!3d44.041262!4d8.2123535!16s%2Fg%2F11wfhctcxr?entry=ttu&amp;g_ep=EgoyMDI0MTIwNC4wIKXMDSoASAFQAw%3D%3D\">Google Maps<\/a><\/p>\n\n\n\n<p><strong>En tren<\/strong><br>La <strong>estaci\u00f3n <\/strong>ferrocarril de <strong>Albenga <\/strong>est\u00e1 bien comunicada, con paradas de trenes regionales e interurbanos. Una vez all\u00ed, se puede ir andando al centro, o utilizar los servicios de autob\u00fas local o los taxis, que est\u00e1n disponibles en la parada de taxis situada justo enfrente de la estaci\u00f3n.<\/p>\n\n\n\n<p><strong>En autob\u00fas<\/strong><br><strong>Albenga <\/strong>es tambi\u00e9n una parada para <strong>autobuses <\/strong>rutas de larga distancia como las que ofrece <strong><a href=\"https:\/\/www.flixbus.it\/autobus\/albenga\" data-type=\"link\" data-id=\"https:\/\/www.flixbus.it\/autobus\/albenga\">FlixBus<\/a><\/strong>que conecta la ciudad con otros destinos de Italia y Europa. Los autobuses locales facilitan los desplazamientos a localidades cercanas.<\/p>\n\n\n\n<p><strong>En avi\u00f3n<\/strong><br><strong>Aeropuerto Cristoforo Colombo de G\u00e9nova<\/strong>: Se encuentra a unos <strong>82 km<\/strong> desde Albenga. Desde aqu\u00ed es posible continuar en coche de alquiler, taxi o tren directo.<br><strong>Aeropuerto de Niza-Costa Azul<\/strong>: Situado sobre <strong>108 km<\/strong>Ofrece conexiones internacionales y transporte p\u00fablico a Albenga.<br><strong><a href=\"http:\/\/www.aeroportoalbenga.it\/\" data-type=\"link\" data-id=\"http:\/\/www.aeroportoalbenga.it\/\">Aeropuerto \"Clemente Panero\" de Villanova d'Albenga<\/a><\/strong>: A s\u00f3lo 8 km de Albenga, este aeropuerto est\u00e1 reservado a vuelos privados.<\/p>\n\n\n\n<div class=\"wp-block-uagb-advanced-heading uagb-block-a09aa2aa\"><h2 class=\"uagb-heading-text\"><strong>Estamos aqu\u00ed<\/strong><\/h2><\/div>","protected":false},"excerpt":{"rendered":"<p>Albenga, situata in provincia di Savona, \u00e8 il cuore della Riviera di Ponente, facilmente raggiungibile con diversi mezzi di trasporto: In autoL&#8217;autostrada dei Fiori (A10) \u00e8 la via principale. Prendi l&#8217;uscita Albenga, che ti conduce direttamente in citt\u00e0, rendendo il viaggio semplice e diretto.Pianifica il tuo viaggio con Michelin , Waze o Google Maps In [&hellip;]<\/p>\n","protected":false},"author":1,"featured_media":0,"parent":0,"menu_order":0,"comment_status":"closed","ping_status":"closed","template":"","meta":{"_acf_changed":false,"_seopress_robots_primary_cat":"","_seopress_titles_title":"%%post_title%% %%sep%% %%sitetitle%% - Casa Vacanze Albenga","_seopress_titles_desc":"Come arrivare a Brezza di Sale, via Auto, Bus, Treno, Aereo.","_seopress_robots_index":"","site-sidebar-layout":"default","site-content-layout":"","ast-site-content-layout":"default","site-content-style":"default","site-sidebar-style":"default","ast-global-header-display":"","ast-banner-title-visibility":"","ast-main-header-display":"","ast-hfb-above-header-display":"","ast-hfb-below-header-display":"","ast-hfb-mobile-header-display":"","site-post-title":"","ast-breadcrumbs-content":"","ast-featured-img":"","footer-sml-layout":"","ast-disable-related-posts":"","theme-transparent-header-meta":"","adv-header-id-meta":"","stick-header-meta":"","header-above-stick-meta":"","header-main-stick-meta":"","header-below-stick-meta":"","astra-migrate-meta-layouts":"set","ast-page-background-enabled":"default","ast-page-background-meta":{"desktop":{"background-color":"var(--ast-global-color-4)","background-image":"","background-repeat":"repeat","background-position":"center center","background-size":"auto","background-attachment":"scroll","background-type":"","background-media":"","overlay-type":"","overlay-color":"","overlay-opacity":"","overlay-gradient":""},"tablet":{"background-color":"","background-image":"","background-repeat":"repeat","background-position":"center center","background-size":"auto","background-attachment":"scroll","background-type":"","background-media":"","overlay-type":"","overlay-color":"","overlay-opacity":"","overlay-gradient":""},"mobile":{"background-color":"","background-image":"","background-repeat":"repeat","background-position":"center center","background-size":"auto","background-attachment":"scroll","background-type":"","background-media":"","overlay-type":"","overlay-color":"","overlay-opacity":"","overlay-gradient":""}},"ast-content-background-meta":{"desktop":{"background-color":"var(--ast-global-color-5)","background-image":"","background-repeat":"repeat","background-position":"center center","background-size":"auto","background-attachment":"scroll","background-type":"","background-media":"","overlay-type":"","overlay-color":"","overlay-opacity":"","overlay-gradient":""},"tablet":{"background-color":"var(--ast-global-color-5)","background-image":"","background-repeat":"repeat","background-position":"center center","background-size":"auto","background-attachment":"scroll","background-type":"","background-media":"","overlay-type":"","overlay-color":"","overlay-opacity":"","overlay-gradient":""},"mobile":{"background-color":"var(--ast-global-color-5)","background-image":"","background-repeat":"repeat","background-position":"center center","background-size":"auto","background-attachment":"scroll","background-type":"","background-media":"","overlay-type":"","overlay-color":"","overlay-opacity":"","overlay-gradient":""}},"footnotes":""},"class_list":["post-2374","page","type-page","status-publish","hentry"],"acf":[],"_links":{"self":[{"href":"https:\/\/brezzadisale.it\/es\/wp-json\/wp\/v2\/pages\/2374","targetHints":{"allow":["GET"]}}],"collection":[{"href":"https:\/\/brezzadisale.it\/es\/wp-json\/wp\/v2\/pages"}],"about":[{"href":"https:\/\/brezzadisale.it\/es\/wp-json\/wp\/v2\/types\/page"}],"author":[{"embeddable":true,"href":"https:\/\/brezzadisale.it\/es\/wp-json\/wp\/v2\/users\/1"}],"replies":[{"embeddable":true,"href":"https:\/\/brezzadisale.it\/es\/wp-json\/wp\/v2\/comments?post=2374"}],"version-history":[{"count":0,"href":"https:\/\/brezzadisale.it\/es\/wp-json\/wp\/v2\/pages\/2374\/revisions"}],"wp:attachment":[{"href":"https:\/\/brezzadisale.it\/es\/wp-json\/wp\/v2\/media?parent=2374"}],"curies":[{"name":"wp","href":"https:\/\/api.w.org\/{rel}","templated":true}]}}