{"id":2185,"date":"2024-12-03T09:47:30","date_gmt":"2024-12-03T09:47:30","guid":{"rendered":"https:\/\/brezzadisale.it\/?page_id=2185"},"modified":"2025-05-18T15:18:58","modified_gmt":"2025-05-18T14:18:58","slug":"mission-e-vision","status":"publish","type":"page","link":"https:\/\/brezzadisale.it\/es\/mision-y-vision\/","title":{"rendered":"Misi\u00f3n y visi\u00f3n"},"content":{"rendered":"<div data-elementor-type=\"wp-page\" data-elementor-id=\"2185\" class=\"elementor elementor-2185\" wpc-filter-elementor-widget=\"1\" data-elementor-post-type=\"page\">\n\t\t\t\t<div class=\"elementor-element elementor-element-b68e8b2 e-flex e-con-boxed e-con e-parent\" data-id=\"b68e8b2\" data-element_type=\"container\" data-e-type=\"container\">\n\t\t\t\t\t<div class=\"e-con-inner\">\n\t\t\t\t<div class=\"elementor-element elementor-element-dd2b2c0 elementor-widget elementor-widget-heading\" data-id=\"dd2b2c0\" data-element_type=\"widget\" data-e-type=\"widget\" data-widget_type=\"heading.default\">\n\t\t\t\t\t\t\t<h2 class=\"elementor-heading-title elementor-size-default\">Misi\u00f3n y visi\u00f3n<\/h2>\t\t\t\t<\/div>\n\t\t\t\t<div class=\"elementor-element elementor-element-eb8b059 elementor-widget elementor-widget-spacer\" data-id=\"eb8b059\" data-element_type=\"widget\" data-e-type=\"widget\" data-widget_type=\"spacer.default\">\n\t\t\t\t\t\t\t\t\t<div class=\"elementor-spacer\">\n\t\t\t<div class=\"elementor-spacer-inner\"><\/div>\n\t\t<\/div>\n\t\t\t\t\t\t<\/div>\n\t\t\t\t\t<\/div>\n\t\t\t\t<\/div>\n\t\t<div class=\"elementor-element elementor-element-0263154 e-flex e-con-boxed e-con e-parent\" data-id=\"0263154\" data-element_type=\"container\" data-e-type=\"container\">\n\t\t\t\t\t<div class=\"e-con-inner\">\n\t\t<div class=\"elementor-element elementor-element-ba3040d e-con-full e-flex e-con e-child\" data-id=\"ba3040d\" data-element_type=\"container\" data-e-type=\"container\">\n\t\t\t\t<div class=\"elementor-element elementor-element-092d0cf elementor-widget elementor-widget-n-accordion\" data-id=\"092d0cf\" data-element_type=\"widget\" data-e-type=\"widget\" data-settings=\"{&quot;max_items_expended&quot;:&quot;multiple&quot;,&quot;default_state&quot;:&quot;expanded&quot;,&quot;n_accordion_animation_duration&quot;:{&quot;unit&quot;:&quot;ms&quot;,&quot;size&quot;:400,&quot;sizes&quot;:[]}}\" data-widget_type=\"nested-accordion.default\">\n\t\t\t\t\t\t\t\t\t<div class=\"e-n-accordion\" aria-label=\"Acorde\u00f3n. Abra los enlaces con Intro o Espacio, ci\u00e9rrelos con Escape y navegue con las teclas de flecha.\">\n\t\t\t\t\t\t<details id=\"e-n-accordion-item-9620\" class=\"e-n-accordion-item\" open>\n\t\t\t\t<summary class=\"e-n-accordion-item-title\" data-accordion-index=\"1\" tabindex=\"0\" aria-expanded=\"true\" aria-controls=\"e-n-accordion-item-9620\" >\n\t\t\t\t\t<span class='e-n-accordion-item-title-header'><div class=\"e-n-accordion-item-title-text\"> Misi\u00f3n <\/div><\/span>\n\t\t\t\t\t\t\t<span class='e-n-accordion-item-title-icon'>\n\t\t\t<span class='e-opened' ><svg aria-hidden=\"true\" class=\"e-font-icon-svg e-fas-minus\" viewbox=\"0 0 448 512\" xmlns=\"http:\/\/www.w3.org\/2000\/svg\"><path d=\"M416 208H32c-17.67 0-32 14.33-32 32v32c0 17.67 14.33 32 32 32h384c17.67 0 32-14.33 32-32v-32c0-17.67-14.33-32-32-32z\"><\/path><\/svg><\/span>\n\t\t\t<span class='e-closed'><svg aria-hidden=\"true\" class=\"e-font-icon-svg e-fas-plus\" viewbox=\"0 0 448 512\" xmlns=\"http:\/\/www.w3.org\/2000\/svg\"><path d=\"M416 208H272V64c0-17.67-14.33-32-32-32h-32c-17.67 0-32 14.33-32 32v144H32c-17.67 0-32 14.33-32 32v32c0 17.67 14.33 32 32 32h144v144c0 17.67 14.33 32 32 32h32c17.67 0 32-14.33 32-32V304h144c17.67 0 32-14.33 32-32v-32c0-17.67-14.33-32-32-32z\"><\/path><\/svg><\/span>\n\t\t<\/span>\n\n\t\t\t\t\t\t<\/summary>\n\t\t\t\t<div role=\"region\" aria-labelledby=\"e-n-accordion-item-9620\" class=\"elementor-element elementor-element-10bdc2b e-con-full e-flex e-con e-child\" data-id=\"10bdc2b\" data-element_type=\"container\" data-e-type=\"container\">\n\t\t\t\t<div class=\"elementor-element elementor-element-b6bd856 elementor-widget elementor-widget-text-editor\" data-id=\"b6bd856\" data-element_type=\"widget\" data-e-type=\"widget\" data-widget_type=\"text-editor.default\">\n\t\t\t\t\t\t\t\t\t\t\t<p data-start=\"551\" data-end=\"779\"><strong data-start=\"551\" data-end=\"618\">Brezza di Sale apuesta por la hospitalidad de calidad<\/strong>con pisos elegantes y funcionales, perfectos para quienes buscan relax, accesibilidad y servicios de primera, en una ubicaci\u00f3n estrat\u00e9gica entre el mar y el centro hist\u00f3rico.<\/p>\n<p data-start=\"784\" data-end=\"971\"><strong data-start=\"784\" data-end=\"841\">Dise\u00f1ado para alojar a familias, parejas y viajeros<\/strong>Brezza di Sale promueve un entorno integrador y acogedor en el que todos puedan sentirse libres, respetados y a gusto.<\/p>\n<p data-start=\"976\" data-end=\"1194\">La autonom\u00eda de los hu\u00e9spedes es fundamental: gracias a la <strong data-start=\"1024\" data-end=\"1062\">entradas de c\u00f3digo personalizadas<\/strong>ofrecemos <strong data-start=\"1073\" data-end=\"1107\">facturaci\u00f3n flexible y discreta<\/strong>. Cada piso est\u00e1 equipado con <strong data-start=\"1142\" data-end=\"1163\">instrucciones claras<\/strong>para sentirse inmediatamente como en casa.<\/p>\n<p data-start=\"1199\" data-end=\"1347\">Cuidamos cada detalle con <strong data-start=\"1226\" data-end=\"1251\">mantenimiento constante<\/strong> y damos la bienvenida a <strong data-start=\"1277\" data-end=\"1300\">ideas y sugerencias<\/strong>porque toda experiencia puede hacernos mejores.<br \/><br \/><strong>Nuestra misi\u00f3n es que, para cada viajero que se aloje en Brezza di Sale, unas simples vacaciones se conviertan en una experiencia maravillosa.<\/strong><\/p>\n<p><!-- \/wp:paragraph --><!-- wp:paragraph --><\/p>\n<p><!-- \/wp:paragraph --><\/p>\t\t\t\t\t\t\t\t<\/div>\n\t\t\t\t<\/div>\n\t\t\t\t\t<\/details>\n\t\t\t\t\t\t<details id=\"e-n-accordion-item-9621\" class=\"e-n-accordion-item\" >\n\t\t\t\t<summary class=\"e-n-accordion-item-title\" data-accordion-index=\"2\" tabindex=\"-1\" aria-expanded=\"false\" aria-controls=\"e-n-accordion-item-9621\" >\n\t\t\t\t\t<span class='e-n-accordion-item-title-header'><div class=\"e-n-accordion-item-title-text\"> Visi\u00f3n <\/div><\/span>\n\t\t\t\t\t\t\t<span class='e-n-accordion-item-title-icon'>\n\t\t\t<span class='e-opened' ><svg aria-hidden=\"true\" class=\"e-font-icon-svg e-fas-minus\" viewbox=\"0 0 448 512\" xmlns=\"http:\/\/www.w3.org\/2000\/svg\"><path d=\"M416 208H32c-17.67 0-32 14.33-32 32v32c0 17.67 14.33 32 32 32h384c17.67 0 32-14.33 32-32v-32c0-17.67-14.33-32-32-32z\"><\/path><\/svg><\/span>\n\t\t\t<span class='e-closed'><svg aria-hidden=\"true\" class=\"e-font-icon-svg e-fas-plus\" viewbox=\"0 0 448 512\" xmlns=\"http:\/\/www.w3.org\/2000\/svg\"><path d=\"M416 208H272V64c0-17.67-14.33-32-32-32h-32c-17.67 0-32 14.33-32 32v144H32c-17.67 0-32 14.33-32 32v32c0 17.67 14.33 32 32 32h144v144c0 17.67 14.33 32 32 32h32c17.67 0 32-14.33 32-32V304h144c17.67 0 32-14.33 32-32v-32c0-17.67-14.33-32-32-32z\"><\/path><\/svg><\/span>\n\t\t<\/span>\n\n\t\t\t\t\t\t<\/summary>\n\t\t\t\t<div role=\"region\" aria-labelledby=\"e-n-accordion-item-9621\" class=\"elementor-element elementor-element-502f249 e-con-full e-flex e-con e-child\" data-id=\"502f249\" data-element_type=\"container\" data-e-type=\"container\">\n\t\t\t\t<div class=\"elementor-element elementor-element-c56cb34 elementor-widget elementor-widget-text-editor\" data-id=\"c56cb34\" data-element_type=\"widget\" data-e-type=\"widget\" data-widget_type=\"text-editor.default\">\n\t\t\t\t\t\t\t\t\t\t\t<p class=\"\" data-start=\"888\" data-end=\"995\">Queremos ser un referente de turismo acogedor, consciente y sostenible en Albenga.<\/p>\n<p class=\"\" data-start=\"1000\" data-end=\"1189\">Creemos en una hospitalidad que vaya m\u00e1s all\u00e1 de una simple estancia, capaz de valorizar el territorio, respetar su identidad y generar bienestar compartido, para los viajeros y para quienes viven aqu\u00ed.<\/p>\n<p class=\"\" data-start=\"1194\" data-end=\"1305\">Ofrecemos gu\u00edas personalizados y consejos aut\u00e9nticos para ayudar a cada hu\u00e9sped a descubrir la verdadera alma del lugar.<\/p>\n<p class=\"\" data-start=\"1310\" data-end=\"1543\">Estamos dise\u00f1ando espacios cada vez m\u00e1s funcionales para las personas que trabajan en movimiento: ya hay zonas dedicadas en los pisos, que pronto se enriquecer\u00e1n con puestos de trabajo ampliados, tomas USB y soluciones inteligentes para el trabajo a distancia.<\/p>\n<p class=\"\" data-start=\"1548\" data-end=\"1673\">Aspiramos a una mayor sostenibilidad medioambiental, integrando soluciones ecol\u00f3gicas y fomentando el respeto por los recursos comunes.<\/p>\n<p class=\"\" data-start=\"1678\" data-end=\"1874\">En cooperaci\u00f3n con las realidades locales, queremos contribuir a la reurbanizaci\u00f3n del barrio, creando un distrito din\u00e1mico donde la cultura, el bienestar y la calidad de vida se entrelacen en armon\u00eda.<\/p>\t\t\t\t\t\t\t\t<\/div>\n\t\t\t\t<\/div>\n\t\t\t\t\t<\/details>\n\t\t\t\t\t<\/div>\n\t\t\t\t\t\t<\/div>\n\t\t\t\t<\/div>\n\t\t\t\t\t<\/div>\n\t\t\t\t<\/div>\n\t\t<div class=\"elementor-element elementor-element-a503d8b e-flex e-con-boxed e-con e-parent\" data-id=\"a503d8b\" data-element_type=\"container\" data-e-type=\"container\">\n\t\t\t\t\t<div class=\"e-con-inner\">\n\t\t\t\t<div class=\"elementor-element elementor-element-3033575 elementor-widget elementor-widget-image\" data-id=\"3033575\" data-element_type=\"widget\" data-e-type=\"widget\" data-widget_type=\"image.default\">\n\t\t\t\t\t\t\t\t\t\t\t\t\t\t<figure class=\"wp-caption\">\n\t\t\t\t\t\t\t\t\t\t<img fetchpriority=\"high\" decoding=\"async\" width=\"1024\" height=\"768\" src=\"https:\/\/brezzadisale.it\/wp-content\/uploads\/2024\/11\/Roberto-Ruaro-Isola-Scoglio-1024x768.jpg\" class=\"attachment-large size-large wp-image-2659\" alt=\"\" srcset=\"https:\/\/brezzadisale.it\/wp-content\/uploads\/2024\/11\/Roberto-Ruaro-Isola-Scoglio-1024x768.jpg 1024w, https:\/\/brezzadisale.it\/wp-content\/uploads\/2024\/11\/Roberto-Ruaro-Isola-Scoglio-300x225.jpg 300w, https:\/\/brezzadisale.it\/wp-content\/uploads\/2024\/11\/Roberto-Ruaro-Isola-Scoglio-768x576.jpg 768w, https:\/\/brezzadisale.it\/wp-content\/uploads\/2024\/11\/Roberto-Ruaro-Isola-Scoglio-1536x1152.jpg 1536w, https:\/\/brezzadisale.it\/wp-content\/uploads\/2024\/11\/Roberto-Ruaro-Isola-Scoglio-600x450.jpg 600w, https:\/\/brezzadisale.it\/wp-content\/uploads\/2024\/11\/Roberto-Ruaro-Isola-Scoglio.jpg 1440w\" sizes=\"(max-width: 1024px) 100vw, 1024px\" \/>\t\t\t\t\t\t\t\t\t\t\t<figcaption class=\"widget-image-caption wp-caption-text\">Foto Roberto Ruaro<\/figcaption>\n\t\t\t\t\t\t\t\t\t\t<\/figure>\n\t\t\t\t\t\t\t\t\t<\/div>\n\t\t\t\t\t<\/div>\n\t\t\t\t<\/div>\n\t\t\t\t<\/div>","protected":false},"excerpt":{"rendered":"<p>Mission e Vision Mission Brezza di Sale si impegna a garantire un\u2019accoglienza di qualit\u00e0, con appartamenti eleganti e funzionali, perfetti per chi cerca relax, accessibilit\u00e0 e servizi premium, in una posizione strategica tra mare e centro storico. Pensato per accogliere famiglie, coppie e viaggiatori, Brezza di Sale promuove un ambiente inclusivo e accogliente, in cui [&hellip;]<\/p>\n","protected":false},"author":1,"featured_media":2659,"parent":0,"menu_order":0,"comment_status":"closed","ping_status":"closed","template":"","meta":{"_acf_changed":false,"_seopress_robots_primary_cat":"","_seopress_titles_title":"%%post_title%% %%sep%% %%sitetitle%% Case Vacanza - Albenga SV","_seopress_titles_desc":"Mission e Vision di Brezza di Sale: check-in autonomo e accesso facile, con un impegno verso la sostenibilit\u00e0 futura.","_seopress_robots_index":"","site-sidebar-layout":"default","site-content-layout":"","ast-site-content-layout":"default","site-content-style":"default","site-sidebar-style":"default","ast-global-header-display":"","ast-banner-title-visibility":"","ast-main-header-display":"","ast-hfb-above-header-display":"","ast-hfb-below-header-display":"","ast-hfb-mobile-header-display":"","site-post-title":"disabled","ast-breadcrumbs-content":"","ast-featured-img":"","footer-sml-layout":"","ast-disable-related-posts":"","theme-transparent-header-meta":"","adv-header-id-meta":"","stick-header-meta":"","header-above-stick-meta":"","header-main-stick-meta":"","header-below-stick-meta":"","astra-migrate-meta-layouts":"set","ast-page-background-enabled":"default","ast-page-background-meta":{"desktop":{"background-color":"var(--ast-global-color-4)","background-image":"","background-repeat":"repeat","background-position":"center center","background-size":"auto","background-attachment":"scroll","background-type":"","background-media":"","overlay-type":"","overlay-color":"","overlay-opacity":"","overlay-gradient":""},"tablet":{"background-color":"","background-image":"","background-repeat":"repeat","background-position":"center center","background-size":"auto","background-attachment":"scroll","background-type":"","background-media":"","overlay-type":"","overlay-color":"","overlay-opacity":"","overlay-gradient":""},"mobile":{"background-color":"","background-image":"","background-repeat":"repeat","background-position":"center center","background-size":"auto","background-attachment":"scroll","background-type":"","background-media":"","overlay-type":"","overlay-color":"","overlay-opacity":"","overlay-gradient":""}},"ast-content-background-meta":{"desktop":{"background-color":"var(--ast-global-color-5)","background-image":"","background-repeat":"repeat","background-position":"center center","background-size":"auto","background-attachment":"scroll","background-type":"","background-media":"","overlay-type":"","overlay-color":"","overlay-opacity":"","overlay-gradient":""},"tablet":{"background-color":"var(--ast-global-color-5)","background-image":"","background-repeat":"repeat","background-position":"center center","background-size":"auto","background-attachment":"scroll","background-type":"","background-media":"","overlay-type":"","overlay-color":"","overlay-opacity":"","overlay-gradient":""},"mobile":{"background-color":"var(--ast-global-color-5)","background-image":"","background-repeat":"repeat","background-position":"center center","background-size":"auto","background-attachment":"scroll","background-type":"","background-media":"","overlay-type":"","overlay-color":"","overlay-opacity":"","overlay-gradient":""}},"footnotes":""},"class_list":["post-2185","page","type-page","status-publish","has-post-thumbnail","hentry"],"acf":[],"_links":{"self":[{"href":"https:\/\/brezzadisale.it\/es\/wp-json\/wp\/v2\/pages\/2185","targetHints":{"allow":["GET"]}}],"collection":[{"href":"https:\/\/brezzadisale.it\/es\/wp-json\/wp\/v2\/pages"}],"about":[{"href":"https:\/\/brezzadisale.it\/es\/wp-json\/wp\/v2\/types\/page"}],"author":[{"embeddable":true,"href":"https:\/\/brezzadisale.it\/es\/wp-json\/wp\/v2\/users\/1"}],"replies":[{"embeddable":true,"href":"https:\/\/brezzadisale.it\/es\/wp-json\/wp\/v2\/comments?post=2185"}],"version-history":[{"count":5,"href":"https:\/\/brezzadisale.it\/es\/wp-json\/wp\/v2\/pages\/2185\/revisions"}],"predecessor-version":[{"id":9193,"href":"https:\/\/brezzadisale.it\/es\/wp-json\/wp\/v2\/pages\/2185\/revisions\/9193"}],"wp:featuredmedia":[{"embeddable":true,"href":"https:\/\/brezzadisale.it\/es\/wp-json\/wp\/v2\/media\/2659"}],"wp:attachment":[{"href":"https:\/\/brezzadisale.it\/es\/wp-json\/wp\/v2\/media?parent=2185"}],"curies":[{"name":"wp","href":"https:\/\/api.w.org\/{rel}","templated":true}]}}