{"id":2374,"date":"2024-12-04T17:57:06","date_gmt":"2024-12-04T17:57:06","guid":{"rendered":"https:\/\/brezzadisale.it\/?page_id=2374"},"modified":"2025-02-24T21:33:19","modified_gmt":"2025-02-24T20:33:19","slug":"come-arrivare","status":"publish","type":"page","link":"https:\/\/brezzadisale.it\/de\/wie-man-dorthin-kommt\/","title":{"rendered":"Wie man dorthin kommt"},"content":{"rendered":"<p><strong>Albenga, in der Provinz Savona gelegen, ist das Herz der Riviera di Ponente und mit verschiedenen Verkehrsmitteln leicht erreichbar:<\/strong><\/p>\n\n\n\n<p><strong>Mit dem Auto<\/strong><br>Die Autostrada dei Fiori (A10) ist die Hauptroute. Nehmen Sie die Ausfahrt <strong>Albenga<\/strong>der Sie direkt in die Stadt f\u00fchrt und die Anreise einfach und unkompliziert macht.<br>Planen Sie Ihre Reise mit <a href=\"https:\/\/www.viamichelin.it\/itinerari\" data-type=\"link\" data-id=\"https:\/\/www.viamichelin.it\/itinerari\">Michelin<\/a> , <a href=\"https:\/\/www.waze.com\/it\/live-map\/directions\/albenga-liguria-it?to=place.ChIJLSbyVs9e0hIRk1T7J4ctKFQ\">Waze<\/a> o <a href=\"https:\/\/www.google.com\/maps\/place\/Brezza+di+Sale+Appartamenti\/@44.0412331,8.2120799,112m\/data=!3m1!1e3!4m15!1m8!3m7!1s0x12d25ecf56f2262d:0x54282d8727fb5493!2s17031+Albenga+SV,+Italia!3b1!8m2!3d44.0490873!4d8.2152667!16zL20vMDZzdnBu!3m5!1s0x12d25f904fc02691:0xc71085f7e24ab36!8m2!3d44.041262!4d8.2123535!16s%2Fg%2F11wfhctcxr?entry=ttu&amp;g_ep=EgoyMDI0MTIwNC4wIKXMDSoASAFQAw%3D%3D\" data-type=\"link\" data-id=\"https:\/\/www.google.com\/maps\/place\/Brezza+di+Sale+Appartamenti\/@44.0412331,8.2120799,112m\/data=!3m1!1e3!4m15!1m8!3m7!1s0x12d25ecf56f2262d:0x54282d8727fb5493!2s17031+Albenga+SV,+Italia!3b1!8m2!3d44.0490873!4d8.2152667!16zL20vMDZzdnBu!3m5!1s0x12d25f904fc02691:0xc71085f7e24ab36!8m2!3d44.041262!4d8.2123535!16s%2Fg%2F11wfhctcxr?entry=ttu&amp;g_ep=EgoyMDI0MTIwNC4wIKXMDSoASAFQAw%3D%3D\">Google Maps<\/a><\/p>\n\n\n\n<p><strong>Mit dem Zug<\/strong><br>La <strong>Bahnhof <\/strong>Eisenbahn von <strong>Albenga <\/strong>ist gut angebunden, mit Haltestellen f\u00fcr Regional- und Intercity-Z\u00fcge. Nach Ihrer Ankunft k\u00f6nnen Sie das Zentrum zu Fu\u00df erreichen oder die \u00f6rtlichen Busse oder Taxis benutzen, die am Taxistand direkt vor dem Bahnhof erh\u00e4ltlich sind.<\/p>\n\n\n\n<p><strong>Mit dem Bus<\/strong><br><strong>Albenga <\/strong>ist auch eine Haltestelle f\u00fcr <strong>Busse <\/strong>Langstreckenverbindungen, wie sie von <strong><a href=\"https:\/\/www.flixbus.it\/autobus\/albenga\" data-type=\"link\" data-id=\"https:\/\/www.flixbus.it\/autobus\/albenga\">FlixBus<\/a><\/strong>die die Stadt mit anderen Zielen in Italien und Europa verbindet. Lokale Busse machen es einfach, zu nahe gelegenen Orten zu reisen.<\/p>\n\n\n\n<p><strong>Mit dem Flugzeug<\/strong><br><strong>Genua Cristoforo Colombo Flughafen<\/strong>Es befindet sich etwa <strong>82 km<\/strong> von Albenga aus. Von hier aus kann man mit dem Mietwagen, dem Taxi oder direkt mit dem Zug weiterfahren.<br><strong>Flughafen Nizza C\u00f4te d'Azur<\/strong>: Befindet sich \u00fcber <strong>108 km<\/strong>Er bietet internationale Verbindungen und \u00f6ffentliche Verkehrsmittel nach Albenga.<br><strong><a href=\"http:\/\/www.aeroportoalbenga.it\/\" data-type=\"link\" data-id=\"http:\/\/www.aeroportoalbenga.it\/\">Clemente Panero' Flughafen von Villanova d'Albenga<\/a><\/strong>Nur 8 km von Albenga entfernt, ist dieser Flughafen f\u00fcr Privatfl\u00fcge reserviert.<\/p>\n\n\n\n<div class=\"wp-block-uagb-advanced-heading uagb-block-a09aa2aa\"><h2 class=\"uagb-heading-text\"><strong>Wir sind hier<\/strong><\/h2><\/div>","protected":false},"excerpt":{"rendered":"<p>Albenga, situata in provincia di Savona, \u00e8 il cuore della Riviera di Ponente, facilmente raggiungibile con diversi mezzi di trasporto: In autoL&#8217;autostrada dei Fiori (A10) \u00e8 la via principale. Prendi l&#8217;uscita Albenga, che ti conduce direttamente in citt\u00e0, rendendo il viaggio semplice e diretto.Pianifica il tuo viaggio con Michelin , Waze o Google Maps In [&hellip;]<\/p>\n","protected":false},"author":1,"featured_media":0,"parent":0,"menu_order":0,"comment_status":"closed","ping_status":"closed","template":"","meta":{"_acf_changed":false,"_seopress_robots_primary_cat":"","_seopress_titles_title":"%%post_title%% %%sep%% %%sitetitle%% - Casa Vacanze Albenga","_seopress_titles_desc":"Come arrivare a Brezza di Sale, via Auto, Bus, Treno, Aereo.","_seopress_robots_index":"","site-sidebar-layout":"default","site-content-layout":"","ast-site-content-layout":"default","site-content-style":"default","site-sidebar-style":"default","ast-global-header-display":"","ast-banner-title-visibility":"","ast-main-header-display":"","ast-hfb-above-header-display":"","ast-hfb-below-header-display":"","ast-hfb-mobile-header-display":"","site-post-title":"","ast-breadcrumbs-content":"","ast-featured-img":"","footer-sml-layout":"","ast-disable-related-posts":"","theme-transparent-header-meta":"","adv-header-id-meta":"","stick-header-meta":"","header-above-stick-meta":"","header-main-stick-meta":"","header-below-stick-meta":"","astra-migrate-meta-layouts":"set","ast-page-background-enabled":"default","ast-page-background-meta":{"desktop":{"background-color":"var(--ast-global-color-4)","background-image":"","background-repeat":"repeat","background-position":"center center","background-size":"auto","background-attachment":"scroll","background-type":"","background-media":"","overlay-type":"","overlay-color":"","overlay-opacity":"","overlay-gradient":""},"tablet":{"background-color":"","background-image":"","background-repeat":"repeat","background-position":"center center","background-size":"auto","background-attachment":"scroll","background-type":"","background-media":"","overlay-type":"","overlay-color":"","overlay-opacity":"","overlay-gradient":""},"mobile":{"background-color":"","background-image":"","background-repeat":"repeat","background-position":"center center","background-size":"auto","background-attachment":"scroll","background-type":"","background-media":"","overlay-type":"","overlay-color":"","overlay-opacity":"","overlay-gradient":""}},"ast-content-background-meta":{"desktop":{"background-color":"var(--ast-global-color-5)","background-image":"","background-repeat":"repeat","background-position":"center center","background-size":"auto","background-attachment":"scroll","background-type":"","background-media":"","overlay-type":"","overlay-color":"","overlay-opacity":"","overlay-gradient":""},"tablet":{"background-color":"var(--ast-global-color-5)","background-image":"","background-repeat":"repeat","background-position":"center center","background-size":"auto","background-attachment":"scroll","background-type":"","background-media":"","overlay-type":"","overlay-color":"","overlay-opacity":"","overlay-gradient":""},"mobile":{"background-color":"var(--ast-global-color-5)","background-image":"","background-repeat":"repeat","background-position":"center center","background-size":"auto","background-attachment":"scroll","background-type":"","background-media":"","overlay-type":"","overlay-color":"","overlay-opacity":"","overlay-gradient":""}},"footnotes":""},"class_list":["post-2374","page","type-page","status-publish","hentry"],"acf":[],"_links":{"self":[{"href":"https:\/\/brezzadisale.it\/de\/wp-json\/wp\/v2\/pages\/2374","targetHints":{"allow":["GET"]}}],"collection":[{"href":"https:\/\/brezzadisale.it\/de\/wp-json\/wp\/v2\/pages"}],"about":[{"href":"https:\/\/brezzadisale.it\/de\/wp-json\/wp\/v2\/types\/page"}],"author":[{"embeddable":true,"href":"https:\/\/brezzadisale.it\/de\/wp-json\/wp\/v2\/users\/1"}],"replies":[{"embeddable":true,"href":"https:\/\/brezzadisale.it\/de\/wp-json\/wp\/v2\/comments?post=2374"}],"version-history":[{"count":0,"href":"https:\/\/brezzadisale.it\/de\/wp-json\/wp\/v2\/pages\/2374\/revisions"}],"wp:attachment":[{"href":"https:\/\/brezzadisale.it\/de\/wp-json\/wp\/v2\/media?parent=2374"}],"curies":[{"name":"wp","href":"https:\/\/api.w.org\/{rel}","templated":true}]}}